{"id":7460,"date":"2025-09-20T22:18:09","date_gmt":"2025-09-20T22:18:09","guid":{"rendered":"https:\/\/mkcsplit.hr\/planet-dom-festival-2025\/percussion-workshop\/"},"modified":"2025-09-20T22:18:09","modified_gmt":"2025-09-20T22:18:09","slug":"percussion-workshop","status":"publish","type":"page","link":"https:\/\/mkcsplit.hr\/en\/planet-dom-festival-2025\/percussion-workshop\/","title":{"rendered":"Percussion workshop"},"content":{"rendered":"\t\t<div data-elementor-type=\"wp-page\" data-elementor-id=\"7460\" class=\"elementor elementor-7460 elementor-6764\" data-elementor-post-type=\"page\">\n\t\t\t\t\t\t<section class=\"elementor-section elementor-top-section elementor-element elementor-element-a99729e elementor-section-boxed elementor-section-height-default elementor-section-height-default\" data-id=\"a99729e\" data-element_type=\"section\" data-settings=\"{&quot;jet_parallax_layout_list&quot;:[]}\">\n\t\t\t\t\t\t<div class=\"elementor-container elementor-column-gap-default\">\n\t\t\t\t\t<div class=\"elementor-column elementor-col-100 elementor-top-column elementor-element elementor-element-a0a131d\" data-id=\"a0a131d\" data-element_type=\"column\">\n\t\t\t<div class=\"elementor-widget-wrap elementor-element-populated\">\n\t\t\t\t\t\t<div class=\"elementor-element elementor-element-00cc9a9 elementor-widget elementor-widget-heading\" data-id=\"00cc9a9\" data-element_type=\"widget\" data-widget_type=\"heading.default\">\n\t\t\t\t<div class=\"elementor-widget-container\">\n\t\t\t\t\t<h2 class=\"elementor-heading-title elementor-size-default\">PLANET DOM 2025<\/h2>\t\t\t\t<\/div>\n\t\t\t\t<\/div>\n\t\t\t\t\t<\/div>\n\t\t<\/div>\n\t\t\t\t\t<\/div>\n\t\t<\/section>\n\t\t\t\t<section class=\"elementor-section elementor-top-section elementor-element elementor-element-9b41f33 elementor-section-boxed elementor-section-height-default elementor-section-height-default\" data-id=\"9b41f33\" data-element_type=\"section\" data-settings=\"{&quot;jet_parallax_layout_list&quot;:[]}\">\n\t\t\t\t\t\t<div class=\"elementor-container elementor-column-gap-default\">\n\t\t\t\t\t<div class=\"elementor-column elementor-col-33 elementor-top-column elementor-element elementor-element-e0e25e4\" data-id=\"e0e25e4\" data-element_type=\"column\">\n\t\t\t<div class=\"elementor-widget-wrap elementor-element-populated\">\n\t\t\t\t\t\t<div class=\"elementor-element elementor-element-ad05281 elementor-widget__width-initial elementor-widget elementor-widget-image\" data-id=\"ad05281\" data-element_type=\"widget\" data-widget_type=\"image.default\">\n\t\t\t\t<div class=\"elementor-widget-container\">\n\t\t\t\t\t\t\t\t\t\t\t\t\t\t\t<img fetchpriority=\"high\" decoding=\"async\" width=\"1500\" height=\"2250\" src=\"https:\/\/mkcsplit.hr\/wp-content\/uploads\/2025\/09\/Radionica-udaraljki_Planet_Dom_2025.jpg\" class=\"attachment-full size-full wp-image-7153\" alt=\"\" srcset=\"https:\/\/mkcsplit.hr\/wp-content\/uploads\/2025\/09\/Radionica-udaraljki_Planet_Dom_2025.jpg 1500w, https:\/\/mkcsplit.hr\/wp-content\/uploads\/2025\/09\/Radionica-udaraljki_Planet_Dom_2025-200x300.jpg 200w, https:\/\/mkcsplit.hr\/wp-content\/uploads\/2025\/09\/Radionica-udaraljki_Planet_Dom_2025-683x1024.jpg 683w, https:\/\/mkcsplit.hr\/wp-content\/uploads\/2025\/09\/Radionica-udaraljki_Planet_Dom_2025-768x1152.jpg 768w, https:\/\/mkcsplit.hr\/wp-content\/uploads\/2025\/09\/Radionica-udaraljki_Planet_Dom_2025-1024x1536.jpg 1024w, https:\/\/mkcsplit.hr\/wp-content\/uploads\/2025\/09\/Radionica-udaraljki_Planet_Dom_2025-1365x2048.jpg 1365w\" sizes=\"(max-width: 1500px) 100vw, 1500px\" \/>\t\t\t\t\t\t\t\t\t\t\t\t\t\t\t<\/div>\n\t\t\t\t<\/div>\n\t\t\t\t\t<\/div>\n\t\t<\/div>\n\t\t\t\t<div class=\"elementor-column elementor-col-33 elementor-top-column elementor-element elementor-element-704efcd\" data-id=\"704efcd\" data-element_type=\"column\">\n\t\t\t<div class=\"elementor-widget-wrap\">\n\t\t\t\t\t\t\t<\/div>\n\t\t<\/div>\n\t\t\t\t<div class=\"elementor-column elementor-col-33 elementor-top-column elementor-element elementor-element-34977ea\" data-id=\"34977ea\" data-element_type=\"column\">\n\t\t\t<div class=\"elementor-widget-wrap elementor-element-populated\">\n\t\t\t\t\t\t<div class=\"elementor-element elementor-element-393195d elementor-widget elementor-widget-text-editor\" data-id=\"393195d\" data-element_type=\"widget\" data-widget_type=\"text-editor.default\">\n\t\t\t\t<div class=\"elementor-widget-container\">\n\t\t\t\t\t\t\t\t\t<p><span style=\"color: #e47e3d;\"><strong><span style=\"color: #000000;\">October, 12 \/ <b>12:00<\/b><\/span><br><\/strong><\/span><\/p><p><span style=\"font-weight: 400; color: #e47e3d;\"><strong><b>Percussion workshop<\/b><\/strong><\/span><\/p>\t\t\t\t\t\t\t\t<\/div>\n\t\t\t\t<\/div>\n\t\t\t\t<div class=\"elementor-element elementor-element-dc8e320 elementor-widget elementor-widget-text-editor\" data-id=\"dc8e320\" data-element_type=\"widget\" data-widget_type=\"text-editor.default\">\n\t\t\t\t<div class=\"elementor-widget-container\">\n\t\t\t\t\t\t\t\t\t<p style=\"font-weight: 400;\"><span style=\"font-weight: 400;\">BETON CINEMA<\/span><\/p><p><span style=\"font-weight: 400;\">With: Krunoslav Kobe\u0161\u010dak<\/span><\/p><p><span style=\"font-weight: 400;\">Age: 10 &#8211; 16<\/span><\/p>\t\t\t\t\t\t\t\t<\/div>\n\t\t\t\t<\/div>\n\t\t\t\t<div class=\"elementor-element elementor-element-b81d7f1 elementor-widget elementor-widget-text-editor\" data-id=\"b81d7f1\" data-element_type=\"widget\" data-widget_type=\"text-editor.default\">\n\t\t\t\t<div class=\"elementor-widget-container\">\n\t\t\t\t\t\t\t\t\t<p><span style=\"font-weight: 400;\">The percussion workshop is designed for children aged 10 to 16. It is led by<strong> Krunoslav Kobe\u0161\u010dak<\/strong>, <br>a one-of-a-kind craftsman of handmade frame drums and djembes in Croatia and the region. Alongside his unique craftsmanship, Krunoslav is also a musician and educator with extensive experience in teaching West African rhythms at various drumming workshops.<br>  <\/span><\/p>\t\t\t\t\t\t\t\t<\/div>\n\t\t\t\t<\/div>\n\t\t\t\t\t<\/div>\n\t\t<\/div>\n\t\t\t\t\t<\/div>\n\t\t<\/section>\n\t\t\t\t<\/div>\n\t\t","protected":false},"excerpt":{"rendered":"<p>PLANET DOM 2025 October, 12 \/ 12:00 Percussion workshop BETON CINEMA With: Krunoslav Kobe\u0161\u010dak Age: 10 &#8211; 16 The percussion workshop is designed for children aged 10 to 16. It is led by Krunoslav Kobe\u0161\u010dak, a one-of-a-kind craftsman of handmade frame drums and djembes in Croatia and the region. Alongside his unique craftsmanship, Krunoslav is [&hellip;]<\/p>\n","protected":false},"author":1,"featured_media":0,"parent":7419,"menu_order":0,"comment_status":"closed","ping_status":"closed","template":"","meta":{"footnotes":""},"class_list":["post-7460","page","type-page","status-publish","hentry"],"yoast_head":"<!-- This site is optimized with the Yoast SEO plugin v26.0 - https:\/\/yoast.com\/wordpress\/plugins\/seo\/ -->\n<title>Percussion workshop - MKC<\/title>\n<meta name=\"robots\" content=\"index, follow, max-snippet:-1, max-image-preview:large, max-video-preview:-1\" \/>\n<link rel=\"canonical\" href=\"https:\/\/mkcsplit.hr\/planet-dom-2025\/radionica-udaraljki\/\" \/>\n<meta property=\"og:locale\" content=\"en_US\" \/>\n<meta property=\"og:type\" content=\"article\" \/>\n<meta property=\"og:title\" content=\"Percussion workshop - MKC\" \/>\n<meta property=\"og:description\" content=\"PLANET DOM 2025 October, 12 \/ 12:00 Percussion workshop BETON CINEMA With: Krunoslav Kobe\u0161\u010dak Age: 10 &#8211; 16 The percussion workshop is designed for children aged 10 to 16. It is led by Krunoslav Kobe\u0161\u010dak, a one-of-a-kind craftsman of handmade frame drums and djembes in Croatia and the region. Alongside his unique craftsmanship, Krunoslav is [&hellip;]\" \/>\n<meta property=\"og:url\" content=\"https:\/\/mkcsplit.hr\/planet-dom-2025\/radionica-udaraljki\/\" \/>\n<meta property=\"og:site_name\" content=\"MKC\" \/>\n<meta property=\"article:publisher\" content=\"https:\/\/www.facebook.com\/MKCSplit\/\" \/>\n<meta property=\"og:image\" content=\"https:\/\/mkcsplit.hr\/wp-content\/uploads\/2025\/09\/Radionica-udaraljki_Planet_Dom_2025.jpg\" \/>\n<meta name=\"twitter:card\" content=\"summary_large_image\" \/>\n<script type=\"application\/ld+json\" class=\"yoast-schema-graph\">{\"@context\":\"https:\/\/schema.org\",\"@graph\":[{\"@type\":\"WebPage\",\"@id\":\"https:\/\/mkcsplit.hr\/planet-dom-2025\/radionica-udaraljki\/\",\"url\":\"https:\/\/mkcsplit.hr\/planet-dom-2025\/radionica-udaraljki\/\",\"name\":\"Percussion workshop - MKC\",\"isPartOf\":{\"@id\":\"https:\/\/mkcsplit.hr\/#website\"},\"primaryImageOfPage\":{\"@id\":\"https:\/\/mkcsplit.hr\/planet-dom-2025\/radionica-udaraljki\/#primaryimage\"},\"image\":{\"@id\":\"https:\/\/mkcsplit.hr\/planet-dom-2025\/radionica-udaraljki\/#primaryimage\"},\"thumbnailUrl\":\"https:\/\/mkcsplit.hr\/wp-content\/uploads\/2025\/09\/Radionica-udaraljki_Planet_Dom_2025.jpg\",\"datePublished\":\"2025-09-20T22:18:09+00:00\",\"breadcrumb\":{\"@id\":\"https:\/\/mkcsplit.hr\/planet-dom-2025\/radionica-udaraljki\/#breadcrumb\"},\"inLanguage\":\"en-US\",\"potentialAction\":[{\"@type\":\"ReadAction\",\"target\":[\"https:\/\/mkcsplit.hr\/planet-dom-2025\/radionica-udaraljki\/\"]}]},{\"@type\":\"ImageObject\",\"inLanguage\":\"en-US\",\"@id\":\"https:\/\/mkcsplit.hr\/planet-dom-2025\/radionica-udaraljki\/#primaryimage\",\"url\":\"https:\/\/mkcsplit.hr\/wp-content\/uploads\/2025\/09\/Radionica-udaraljki_Planet_Dom_2025.jpg\",\"contentUrl\":\"https:\/\/mkcsplit.hr\/wp-content\/uploads\/2025\/09\/Radionica-udaraljki_Planet_Dom_2025.jpg\"},{\"@type\":\"BreadcrumbList\",\"@id\":\"https:\/\/mkcsplit.hr\/planet-dom-2025\/radionica-udaraljki\/#breadcrumb\",\"itemListElement\":[{\"@type\":\"ListItem\",\"position\":1,\"name\":\"Home\",\"item\":\"https:\/\/mkcsplit.hr\/en\/\"},{\"@type\":\"ListItem\",\"position\":2,\"name\":\"Planet Dom Festival 2025\",\"item\":\"https:\/\/mkcsplit.hr\/planet-dom-2025\/\"},{\"@type\":\"ListItem\",\"position\":3,\"name\":\"Percussion workshop\"}]},{\"@type\":\"WebSite\",\"@id\":\"https:\/\/mkcsplit.hr\/#website\",\"url\":\"https:\/\/mkcsplit.hr\/\",\"name\":\"MKC\",\"description\":\"Multimedijalni kulturni centar\",\"potentialAction\":[{\"@type\":\"SearchAction\",\"target\":{\"@type\":\"EntryPoint\",\"urlTemplate\":\"https:\/\/mkcsplit.hr\/?s={search_term_string}\"},\"query-input\":{\"@type\":\"PropertyValueSpecification\",\"valueRequired\":true,\"valueName\":\"search_term_string\"}}],\"inLanguage\":\"en-US\"}]}<\/script>\n<!-- \/ Yoast SEO plugin. -->","yoast_head_json":{"title":"Percussion workshop - MKC","robots":{"index":"index","follow":"follow","max-snippet":"max-snippet:-1","max-image-preview":"max-image-preview:large","max-video-preview":"max-video-preview:-1"},"canonical":"https:\/\/mkcsplit.hr\/planet-dom-2025\/radionica-udaraljki\/","og_locale":"en_US","og_type":"article","og_title":"Percussion workshop - MKC","og_description":"PLANET DOM 2025 October, 12 \/ 12:00 Percussion workshop BETON CINEMA With: Krunoslav Kobe\u0161\u010dak Age: 10 &#8211; 16 The percussion workshop is designed for children aged 10 to 16. It is led by Krunoslav Kobe\u0161\u010dak, a one-of-a-kind craftsman of handmade frame drums and djembes in Croatia and the region. Alongside his unique craftsmanship, Krunoslav is [&hellip;]","og_url":"https:\/\/mkcsplit.hr\/planet-dom-2025\/radionica-udaraljki\/","og_site_name":"MKC","article_publisher":"https:\/\/www.facebook.com\/MKCSplit\/","og_image":[{"url":"https:\/\/mkcsplit.hr\/wp-content\/uploads\/2025\/09\/Radionica-udaraljki_Planet_Dom_2025.jpg","type":"","width":"","height":""}],"twitter_card":"summary_large_image","schema":{"@context":"https:\/\/schema.org","@graph":[{"@type":"WebPage","@id":"https:\/\/mkcsplit.hr\/planet-dom-2025\/radionica-udaraljki\/","url":"https:\/\/mkcsplit.hr\/planet-dom-2025\/radionica-udaraljki\/","name":"Percussion workshop - MKC","isPartOf":{"@id":"https:\/\/mkcsplit.hr\/#website"},"primaryImageOfPage":{"@id":"https:\/\/mkcsplit.hr\/planet-dom-2025\/radionica-udaraljki\/#primaryimage"},"image":{"@id":"https:\/\/mkcsplit.hr\/planet-dom-2025\/radionica-udaraljki\/#primaryimage"},"thumbnailUrl":"https:\/\/mkcsplit.hr\/wp-content\/uploads\/2025\/09\/Radionica-udaraljki_Planet_Dom_2025.jpg","datePublished":"2025-09-20T22:18:09+00:00","breadcrumb":{"@id":"https:\/\/mkcsplit.hr\/planet-dom-2025\/radionica-udaraljki\/#breadcrumb"},"inLanguage":"en-US","potentialAction":[{"@type":"ReadAction","target":["https:\/\/mkcsplit.hr\/planet-dom-2025\/radionica-udaraljki\/"]}]},{"@type":"ImageObject","inLanguage":"en-US","@id":"https:\/\/mkcsplit.hr\/planet-dom-2025\/radionica-udaraljki\/#primaryimage","url":"https:\/\/mkcsplit.hr\/wp-content\/uploads\/2025\/09\/Radionica-udaraljki_Planet_Dom_2025.jpg","contentUrl":"https:\/\/mkcsplit.hr\/wp-content\/uploads\/2025\/09\/Radionica-udaraljki_Planet_Dom_2025.jpg"},{"@type":"BreadcrumbList","@id":"https:\/\/mkcsplit.hr\/planet-dom-2025\/radionica-udaraljki\/#breadcrumb","itemListElement":[{"@type":"ListItem","position":1,"name":"Home","item":"https:\/\/mkcsplit.hr\/en\/"},{"@type":"ListItem","position":2,"name":"Planet Dom Festival 2025","item":"https:\/\/mkcsplit.hr\/planet-dom-2025\/"},{"@type":"ListItem","position":3,"name":"Percussion workshop"}]},{"@type":"WebSite","@id":"https:\/\/mkcsplit.hr\/#website","url":"https:\/\/mkcsplit.hr\/","name":"MKC","description":"Multimedijalni kulturni centar","potentialAction":[{"@type":"SearchAction","target":{"@type":"EntryPoint","urlTemplate":"https:\/\/mkcsplit.hr\/?s={search_term_string}"},"query-input":{"@type":"PropertyValueSpecification","valueRequired":true,"valueName":"search_term_string"}}],"inLanguage":"en-US"}]}},"_links":{"self":[{"href":"https:\/\/mkcsplit.hr\/en\/wp-json\/wp\/v2\/pages\/7460","targetHints":{"allow":["GET"]}}],"collection":[{"href":"https:\/\/mkcsplit.hr\/en\/wp-json\/wp\/v2\/pages"}],"about":[{"href":"https:\/\/mkcsplit.hr\/en\/wp-json\/wp\/v2\/types\/page"}],"author":[{"embeddable":true,"href":"https:\/\/mkcsplit.hr\/en\/wp-json\/wp\/v2\/users\/1"}],"replies":[{"embeddable":true,"href":"https:\/\/mkcsplit.hr\/en\/wp-json\/wp\/v2\/comments?post=7460"}],"version-history":[{"count":1,"href":"https:\/\/mkcsplit.hr\/en\/wp-json\/wp\/v2\/pages\/7460\/revisions"}],"predecessor-version":[{"id":7461,"href":"https:\/\/mkcsplit.hr\/en\/wp-json\/wp\/v2\/pages\/7460\/revisions\/7461"}],"up":[{"embeddable":true,"href":"https:\/\/mkcsplit.hr\/en\/wp-json\/wp\/v2\/pages\/7419"}],"wp:attachment":[{"href":"https:\/\/mkcsplit.hr\/en\/wp-json\/wp\/v2\/media?parent=7460"}],"curies":[{"name":"wp","href":"https:\/\/api.w.org\/{rel}","templated":true}]}}