{"id":7434,"date":"2025-09-20T21:37:52","date_gmt":"2025-09-20T21:37:52","guid":{"rendered":"https:\/\/mkcsplit.hr\/planet-dom-festival-2025\/domagoj-soic-kuga\/"},"modified":"2025-09-22T14:23:18","modified_gmt":"2025-09-22T14:23:18","slug":"domagoj-soic-kuga","status":"publish","type":"page","link":"https:\/\/mkcsplit.hr\/en\/planet-dom-festival-2025\/domagoj-soic-kuga\/","title":{"rendered":"Domagoj \u0160oi\u0107 Kuga"},"content":{"rendered":"\t\t<div data-elementor-type=\"wp-page\" data-elementor-id=\"7434\" class=\"elementor elementor-7434 elementor-6739\" data-elementor-post-type=\"page\">\n\t\t\t\t\t\t<section class=\"elementor-section elementor-top-section elementor-element elementor-element-a99729e elementor-section-boxed elementor-section-height-default elementor-section-height-default\" data-id=\"a99729e\" data-element_type=\"section\" data-settings=\"{&quot;jet_parallax_layout_list&quot;:[]}\">\n\t\t\t\t\t\t<div class=\"elementor-container elementor-column-gap-default\">\n\t\t\t\t\t<div class=\"elementor-column elementor-col-100 elementor-top-column elementor-element elementor-element-a0a131d\" data-id=\"a0a131d\" data-element_type=\"column\">\n\t\t\t<div class=\"elementor-widget-wrap elementor-element-populated\">\n\t\t\t\t\t\t<div class=\"elementor-element elementor-element-00cc9a9 elementor-widget elementor-widget-heading\" data-id=\"00cc9a9\" data-element_type=\"widget\" data-widget_type=\"heading.default\">\n\t\t\t\t<div class=\"elementor-widget-container\">\n\t\t\t\t\t<h2 class=\"elementor-heading-title elementor-size-default\">PLANET DOM 2025<\/h2>\t\t\t\t<\/div>\n\t\t\t\t<\/div>\n\t\t\t\t\t<\/div>\n\t\t<\/div>\n\t\t\t\t\t<\/div>\n\t\t<\/section>\n\t\t\t\t<section class=\"elementor-section elementor-top-section elementor-element elementor-element-9b41f33 elementor-section-boxed elementor-section-height-default elementor-section-height-default\" data-id=\"9b41f33\" data-element_type=\"section\" data-settings=\"{&quot;jet_parallax_layout_list&quot;:[]}\">\n\t\t\t\t\t\t<div class=\"elementor-container elementor-column-gap-default\">\n\t\t\t\t\t<div class=\"elementor-column elementor-col-33 elementor-top-column elementor-element elementor-element-e0e25e4\" data-id=\"e0e25e4\" data-element_type=\"column\">\n\t\t\t<div class=\"elementor-widget-wrap elementor-element-populated\">\n\t\t\t\t\t\t<div class=\"elementor-element elementor-element-ad05281 elementor-widget__width-initial elementor-widget elementor-widget-image\" data-id=\"ad05281\" data-element_type=\"widget\" data-widget_type=\"image.default\">\n\t\t\t\t<div class=\"elementor-widget-container\">\n\t\t\t\t\t\t\t\t\t\t\t\t\t\t\t<img fetchpriority=\"high\" decoding=\"async\" width=\"1500\" height=\"2250\" src=\"https:\/\/mkcsplit.hr\/wp-content\/uploads\/2025\/09\/Domagoj-Soic-Kuga_Planet_Dom_2025.jpg\" class=\"attachment-full size-full wp-image-7135\" alt=\"\" srcset=\"https:\/\/mkcsplit.hr\/wp-content\/uploads\/2025\/09\/Domagoj-Soic-Kuga_Planet_Dom_2025.jpg 1500w, https:\/\/mkcsplit.hr\/wp-content\/uploads\/2025\/09\/Domagoj-Soic-Kuga_Planet_Dom_2025-200x300.jpg 200w, https:\/\/mkcsplit.hr\/wp-content\/uploads\/2025\/09\/Domagoj-Soic-Kuga_Planet_Dom_2025-683x1024.jpg 683w, https:\/\/mkcsplit.hr\/wp-content\/uploads\/2025\/09\/Domagoj-Soic-Kuga_Planet_Dom_2025-768x1152.jpg 768w, https:\/\/mkcsplit.hr\/wp-content\/uploads\/2025\/09\/Domagoj-Soic-Kuga_Planet_Dom_2025-1024x1536.jpg 1024w, https:\/\/mkcsplit.hr\/wp-content\/uploads\/2025\/09\/Domagoj-Soic-Kuga_Planet_Dom_2025-1365x2048.jpg 1365w\" sizes=\"(max-width: 1500px) 100vw, 1500px\" \/>\t\t\t\t\t\t\t\t\t\t\t\t\t\t\t<\/div>\n\t\t\t\t<\/div>\n\t\t\t\t\t<\/div>\n\t\t<\/div>\n\t\t\t\t<div class=\"elementor-column elementor-col-33 elementor-top-column elementor-element elementor-element-704efcd\" data-id=\"704efcd\" data-element_type=\"column\">\n\t\t\t<div class=\"elementor-widget-wrap\">\n\t\t\t\t\t\t\t<\/div>\n\t\t<\/div>\n\t\t\t\t<div class=\"elementor-column elementor-col-33 elementor-top-column elementor-element elementor-element-34977ea\" data-id=\"34977ea\" data-element_type=\"column\">\n\t\t\t<div class=\"elementor-widget-wrap elementor-element-populated\">\n\t\t\t\t\t\t<div class=\"elementor-element elementor-element-393195d elementor-widget elementor-widget-text-editor\" data-id=\"393195d\" data-element_type=\"widget\" data-widget_type=\"text-editor.default\">\n\t\t\t\t<div class=\"elementor-widget-container\">\n\t\t\t\t\t\t\t\t\t<p><span style=\"color: #e47e3d;\"><strong><span style=\"color: #000000;\">October, 12 \/ <b>20:00<\/b><\/span><br><\/strong><\/span><\/p><p><span style=\"font-weight: 400; color: #e47e3d;\"><strong><b>Domagoj \u0160oi\u0107 Kuga<\/b><\/strong><\/span><\/p><p><span style=\"font-weight: 400; color: #e47e3d;\"><strong><b><i>Cavities and Voids<\/i><\/b><\/strong><\/span><\/p>\t\t\t\t\t\t\t\t<\/div>\n\t\t\t\t<\/div>\n\t\t\t\t<div class=\"elementor-element elementor-element-dc8e320 elementor-widget elementor-widget-text-editor\" data-id=\"dc8e320\" data-element_type=\"widget\" data-widget_type=\"text-editor.default\">\n\t\t\t\t<div class=\"elementor-widget-container\">\n\t\t\t\t\t\t\t\t\t<p style=\"font-weight: 400;\"><span style=\"font-weight: 400;\">NEW MAGIC CIRCUS PERFORMANCE \/ THE ROOM\/S<\/span><\/p><p><span style=\"font-weight: 400;\">HR (48\u2019)<\/span><\/p>\t\t\t\t\t\t\t\t<\/div>\n\t\t\t\t<\/div>\n\t\t\t\t<div class=\"elementor-element elementor-element-b81d7f1 elementor-widget elementor-widget-text-editor\" data-id=\"b81d7f1\" data-element_type=\"widget\" data-widget_type=\"text-editor.default\">\n\t\t\t\t<div class=\"elementor-widget-container\">\n\t\t\t\t\t\t\t\t\t<p><span style=\"font-weight: 400;\">One juggler on stage and one technician at the control desk, white balls and theatrical lighting. <\/span><i><span style=\"font-weight: 400;\">Cavities and Voids<\/span><\/i><span style=\"font-weight: 400;\"> is a contemporary circus, juggling and new magic solo performance that collages seemingly unrelated ideas \u2014 the conscious and the subconscious from the juggler\u2019s inner world, interpreted through light, movement and balls.<br><\/span><span style=\"font-weight: 400;\">The performance is the result of Domagoj \u0160oi\u0107 Kuga\u2019s long experience in the circus, both as an artist and as a technician. A parallel life in front of and behind the stage merges through five scenes, questioning the relationships between the juggler, the ball, the technician and the technology, while establishing new hierarchies and posing the question: who or what controls, who manipulates? <br><\/span><span style=\"font-weight: 400;\">This play of roles and shifts of perspective leads the audience to the final scene \u2014 the moment when the juggler himself emerges fully illuminated.<\/span><\/p><p><span style=\"font-weight: 400;\"><strong>Domagoj \u0160oi\u0107<\/strong> has been engaged in circus and street art for almost twenty years and about a decade ago began working as a lighting designer and technician for circus tents. As a performer, mentor and light designer he has collaborated with numerous circus organizations and institutions in Croatia, Serbia, Slovenia and France. On the circus scene, he is best known under the nickname Kuga.  <\/span><\/p><p><span style=\"font-weight: 400;\">Author &amp; Performer: Domagoj \u0160oi\u0107 Kuga<br><\/span><span style=\"font-weight: 400;\">Technique\/Light\/Sound: Klara Bari\u0161i\u0107<br>Outside Eye &amp; Advisor: Georgiana Johnson<br>Music: Henry Mari\u0107 &amp; Domagoj \u0160oi\u0107<br>Production: Cirkorama<br>Co-production: KNAP Theatre, Sub Scene<\/span><\/p>\t\t\t\t\t\t\t\t<\/div>\n\t\t\t\t<\/div>\n\t\t\t\t\t<\/div>\n\t\t<\/div>\n\t\t\t\t\t<\/div>\n\t\t<\/section>\n\t\t\t\t<\/div>\n\t\t","protected":false},"excerpt":{"rendered":"<p>PLANET DOM 2025 October, 12 \/ 20:00 Domagoj \u0160oi\u0107 Kuga Cavities and Voids NEW MAGIC CIRCUS PERFORMANCE \/ THE ROOM\/S HR (48\u2019) One juggler on stage and one technician at the control desk, white balls and theatrical lighting. Cavities and Voids is a contemporary circus, juggling and new magic solo performance that collages seemingly unrelated [&hellip;]<\/p>\n","protected":false},"author":1,"featured_media":0,"parent":7419,"menu_order":0,"comment_status":"closed","ping_status":"closed","template":"","meta":{"footnotes":""},"class_list":["post-7434","page","type-page","status-publish","hentry"],"yoast_head":"<!-- This site is optimized with the Yoast SEO plugin v26.0 - https:\/\/yoast.com\/wordpress\/plugins\/seo\/ -->\n<title>Domagoj \u0160oi\u0107 Kuga - MKC<\/title>\n<meta name=\"robots\" content=\"index, follow, max-snippet:-1, max-image-preview:large, max-video-preview:-1\" \/>\n<link rel=\"canonical\" href=\"https:\/\/mkcsplit.hr\/planet-dom-2025\/domagoj-soic-kuga\/\" \/>\n<meta property=\"og:locale\" content=\"en_US\" \/>\n<meta property=\"og:type\" content=\"article\" \/>\n<meta property=\"og:title\" content=\"Domagoj \u0160oi\u0107 Kuga - MKC\" \/>\n<meta property=\"og:description\" content=\"PLANET DOM 2025 October, 12 \/ 20:00 Domagoj \u0160oi\u0107 Kuga Cavities and Voids NEW MAGIC CIRCUS PERFORMANCE \/ THE ROOM\/S HR (48\u2019) One juggler on stage and one technician at the control desk, white balls and theatrical lighting. Cavities and Voids is a contemporary circus, juggling and new magic solo performance that collages seemingly unrelated [&hellip;]\" \/>\n<meta property=\"og:url\" content=\"https:\/\/mkcsplit.hr\/planet-dom-2025\/domagoj-soic-kuga\/\" \/>\n<meta property=\"og:site_name\" content=\"MKC\" \/>\n<meta property=\"article:publisher\" content=\"https:\/\/www.facebook.com\/MKCSplit\/\" \/>\n<meta property=\"article:modified_time\" content=\"2025-09-22T14:23:18+00:00\" \/>\n<meta property=\"og:image\" content=\"http:\/\/mkcsplit.hr\/wp-content\/uploads\/2025\/09\/Domagoj-Soic-Kuga_Planet_Dom_2025.jpg\" \/>\n<meta name=\"twitter:card\" content=\"summary_large_image\" \/>\n<meta name=\"twitter:label1\" content=\"Est. reading time\" \/>\n\t<meta name=\"twitter:data1\" content=\"2 minutes\" \/>\n<script type=\"application\/ld+json\" class=\"yoast-schema-graph\">{\"@context\":\"https:\/\/schema.org\",\"@graph\":[{\"@type\":\"WebPage\",\"@id\":\"https:\/\/mkcsplit.hr\/planet-dom-2025\/domagoj-soic-kuga\/\",\"url\":\"https:\/\/mkcsplit.hr\/planet-dom-2025\/domagoj-soic-kuga\/\",\"name\":\"Domagoj \u0160oi\u0107 Kuga - MKC\",\"isPartOf\":{\"@id\":\"https:\/\/mkcsplit.hr\/#website\"},\"primaryImageOfPage\":{\"@id\":\"https:\/\/mkcsplit.hr\/planet-dom-2025\/domagoj-soic-kuga\/#primaryimage\"},\"image\":{\"@id\":\"https:\/\/mkcsplit.hr\/planet-dom-2025\/domagoj-soic-kuga\/#primaryimage\"},\"thumbnailUrl\":\"http:\/\/mkcsplit.hr\/wp-content\/uploads\/2025\/09\/Domagoj-Soic-Kuga_Planet_Dom_2025.jpg\",\"datePublished\":\"2025-09-20T21:37:52+00:00\",\"dateModified\":\"2025-09-22T14:23:18+00:00\",\"breadcrumb\":{\"@id\":\"https:\/\/mkcsplit.hr\/planet-dom-2025\/domagoj-soic-kuga\/#breadcrumb\"},\"inLanguage\":\"en-US\",\"potentialAction\":[{\"@type\":\"ReadAction\",\"target\":[\"https:\/\/mkcsplit.hr\/planet-dom-2025\/domagoj-soic-kuga\/\"]}]},{\"@type\":\"ImageObject\",\"inLanguage\":\"en-US\",\"@id\":\"https:\/\/mkcsplit.hr\/planet-dom-2025\/domagoj-soic-kuga\/#primaryimage\",\"url\":\"http:\/\/mkcsplit.hr\/wp-content\/uploads\/2025\/09\/Domagoj-Soic-Kuga_Planet_Dom_2025.jpg\",\"contentUrl\":\"http:\/\/mkcsplit.hr\/wp-content\/uploads\/2025\/09\/Domagoj-Soic-Kuga_Planet_Dom_2025.jpg\"},{\"@type\":\"BreadcrumbList\",\"@id\":\"https:\/\/mkcsplit.hr\/planet-dom-2025\/domagoj-soic-kuga\/#breadcrumb\",\"itemListElement\":[{\"@type\":\"ListItem\",\"position\":1,\"name\":\"Home\",\"item\":\"https:\/\/mkcsplit.hr\/en\/\"},{\"@type\":\"ListItem\",\"position\":2,\"name\":\"Planet Dom Festival 2025\",\"item\":\"https:\/\/mkcsplit.hr\/planet-dom-2025\/\"},{\"@type\":\"ListItem\",\"position\":3,\"name\":\"Domagoj \u0160oi\u0107 Kuga\"}]},{\"@type\":\"WebSite\",\"@id\":\"https:\/\/mkcsplit.hr\/#website\",\"url\":\"https:\/\/mkcsplit.hr\/\",\"name\":\"MKC\",\"description\":\"Multimedijalni kulturni centar\",\"potentialAction\":[{\"@type\":\"SearchAction\",\"target\":{\"@type\":\"EntryPoint\",\"urlTemplate\":\"https:\/\/mkcsplit.hr\/?s={search_term_string}\"},\"query-input\":{\"@type\":\"PropertyValueSpecification\",\"valueRequired\":true,\"valueName\":\"search_term_string\"}}],\"inLanguage\":\"en-US\"}]}<\/script>\n<!-- \/ Yoast SEO plugin. -->","yoast_head_json":{"title":"Domagoj \u0160oi\u0107 Kuga - MKC","robots":{"index":"index","follow":"follow","max-snippet":"max-snippet:-1","max-image-preview":"max-image-preview:large","max-video-preview":"max-video-preview:-1"},"canonical":"https:\/\/mkcsplit.hr\/planet-dom-2025\/domagoj-soic-kuga\/","og_locale":"en_US","og_type":"article","og_title":"Domagoj \u0160oi\u0107 Kuga - MKC","og_description":"PLANET DOM 2025 October, 12 \/ 20:00 Domagoj \u0160oi\u0107 Kuga Cavities and Voids NEW MAGIC CIRCUS PERFORMANCE \/ THE ROOM\/S HR (48\u2019) One juggler on stage and one technician at the control desk, white balls and theatrical lighting. Cavities and Voids is a contemporary circus, juggling and new magic solo performance that collages seemingly unrelated [&hellip;]","og_url":"https:\/\/mkcsplit.hr\/planet-dom-2025\/domagoj-soic-kuga\/","og_site_name":"MKC","article_publisher":"https:\/\/www.facebook.com\/MKCSplit\/","article_modified_time":"2025-09-22T14:23:18+00:00","og_image":[{"url":"http:\/\/mkcsplit.hr\/wp-content\/uploads\/2025\/09\/Domagoj-Soic-Kuga_Planet_Dom_2025.jpg","type":"","width":"","height":""}],"twitter_card":"summary_large_image","twitter_misc":{"Est. reading time":"2 minutes"},"schema":{"@context":"https:\/\/schema.org","@graph":[{"@type":"WebPage","@id":"https:\/\/mkcsplit.hr\/planet-dom-2025\/domagoj-soic-kuga\/","url":"https:\/\/mkcsplit.hr\/planet-dom-2025\/domagoj-soic-kuga\/","name":"Domagoj \u0160oi\u0107 Kuga - MKC","isPartOf":{"@id":"https:\/\/mkcsplit.hr\/#website"},"primaryImageOfPage":{"@id":"https:\/\/mkcsplit.hr\/planet-dom-2025\/domagoj-soic-kuga\/#primaryimage"},"image":{"@id":"https:\/\/mkcsplit.hr\/planet-dom-2025\/domagoj-soic-kuga\/#primaryimage"},"thumbnailUrl":"http:\/\/mkcsplit.hr\/wp-content\/uploads\/2025\/09\/Domagoj-Soic-Kuga_Planet_Dom_2025.jpg","datePublished":"2025-09-20T21:37:52+00:00","dateModified":"2025-09-22T14:23:18+00:00","breadcrumb":{"@id":"https:\/\/mkcsplit.hr\/planet-dom-2025\/domagoj-soic-kuga\/#breadcrumb"},"inLanguage":"en-US","potentialAction":[{"@type":"ReadAction","target":["https:\/\/mkcsplit.hr\/planet-dom-2025\/domagoj-soic-kuga\/"]}]},{"@type":"ImageObject","inLanguage":"en-US","@id":"https:\/\/mkcsplit.hr\/planet-dom-2025\/domagoj-soic-kuga\/#primaryimage","url":"http:\/\/mkcsplit.hr\/wp-content\/uploads\/2025\/09\/Domagoj-Soic-Kuga_Planet_Dom_2025.jpg","contentUrl":"http:\/\/mkcsplit.hr\/wp-content\/uploads\/2025\/09\/Domagoj-Soic-Kuga_Planet_Dom_2025.jpg"},{"@type":"BreadcrumbList","@id":"https:\/\/mkcsplit.hr\/planet-dom-2025\/domagoj-soic-kuga\/#breadcrumb","itemListElement":[{"@type":"ListItem","position":1,"name":"Home","item":"https:\/\/mkcsplit.hr\/en\/"},{"@type":"ListItem","position":2,"name":"Planet Dom Festival 2025","item":"https:\/\/mkcsplit.hr\/planet-dom-2025\/"},{"@type":"ListItem","position":3,"name":"Domagoj \u0160oi\u0107 Kuga"}]},{"@type":"WebSite","@id":"https:\/\/mkcsplit.hr\/#website","url":"https:\/\/mkcsplit.hr\/","name":"MKC","description":"Multimedijalni kulturni centar","potentialAction":[{"@type":"SearchAction","target":{"@type":"EntryPoint","urlTemplate":"https:\/\/mkcsplit.hr\/?s={search_term_string}"},"query-input":{"@type":"PropertyValueSpecification","valueRequired":true,"valueName":"search_term_string"}}],"inLanguage":"en-US"}]}},"_links":{"self":[{"href":"https:\/\/mkcsplit.hr\/en\/wp-json\/wp\/v2\/pages\/7434","targetHints":{"allow":["GET"]}}],"collection":[{"href":"https:\/\/mkcsplit.hr\/en\/wp-json\/wp\/v2\/pages"}],"about":[{"href":"https:\/\/mkcsplit.hr\/en\/wp-json\/wp\/v2\/types\/page"}],"author":[{"embeddable":true,"href":"https:\/\/mkcsplit.hr\/en\/wp-json\/wp\/v2\/users\/1"}],"replies":[{"embeddable":true,"href":"https:\/\/mkcsplit.hr\/en\/wp-json\/wp\/v2\/comments?post=7434"}],"version-history":[{"count":4,"href":"https:\/\/mkcsplit.hr\/en\/wp-json\/wp\/v2\/pages\/7434\/revisions"}],"predecessor-version":[{"id":7590,"href":"https:\/\/mkcsplit.hr\/en\/wp-json\/wp\/v2\/pages\/7434\/revisions\/7590"}],"up":[{"embeddable":true,"href":"https:\/\/mkcsplit.hr\/en\/wp-json\/wp\/v2\/pages\/7419"}],"wp:attachment":[{"href":"https:\/\/mkcsplit.hr\/en\/wp-json\/wp\/v2\/media?parent=7434"}],"curies":[{"name":"wp","href":"https:\/\/api.w.org\/{rel}","templated":true}]}}